{"id":1099,"date":"2025-01-29T22:49:18","date_gmt":"2025-01-29T22:49:18","guid":{"rendered":"https:\/\/thallmaier.com\/Psychologie\/?page_id=1099"},"modified":"2025-03-23T15:04:08","modified_gmt":"2025-03-23T14:04:08","slug":"datenschutz","status":"publish","type":"page","link":"https:\/\/thallmaier.com\/Psychologie\/datenschutz\/","title":{"rendered":"Datenschutz"},"content":{"rendered":"\t\t<div data-elementor-type=\"wp-page\" data-elementor-id=\"1099\" class=\"elementor elementor-1099\">\n\t\t\t\t\t\t<section class=\"elementor-section elementor-top-section elementor-element elementor-element-015f92d elementor-section-boxed elementor-section-height-default elementor-section-height-default\" data-id=\"015f92d\" data-element_type=\"section\">\n\t\t\t\t\t\t<div class=\"elementor-container elementor-column-gap-default\">\n\t\t\t\t\t<div class=\"elementor-column elementor-col-100 elementor-top-column elementor-element elementor-element-acf7eb8\" data-id=\"acf7eb8\" data-element_type=\"column\">\n\t\t\t<div class=\"elementor-widget-wrap elementor-element-populated\">\n\t\t\t\t\t\t<div class=\"elementor-element elementor-element-64f2127 elementor-widget elementor-widget-text-editor\" data-id=\"64f2127\" data-element_type=\"widget\" data-widget_type=\"text-editor.default\">\n\t\t\t\t<div class=\"elementor-widget-container\">\n\t\t\t\t\t\t\t\t\t<p><\/p>\n<p><\/p><main><p><\/p>\n<div>\n<h1>Datenschutz<\/h1>\n<div>In<br>dieser Datenschutzerkl\u00e4rung m\u00f6chten wir Sie \u00fcber die wesentlichen<br>Punkte der Verarbeitung personenbezogener Daten im Rahmen unserer<br>Website informieren. Die Erhebung und Verarbeitung erfolgt<br>ausschlie\u00dflich im Einklang mit den gesetzlichen Vorgaben<br>(Datenschutz-Grundverordnung, Telekommunikationsgesetz 2003).<\/div><div><br><\/div>\n<div>\n<h2>Kontaktaufnahme<\/h2>\n<div>Wenn<br>Sie uns \u00fcber das Kontaktformular auf unserer Webseite oder per E-Mail<br>erreichen, speichern wir die von Ihnen angegebenen Daten f\u00fcr die<br>Bearbeitung Ihrer Anfrage sowie f\u00fcr m\u00f6gliche Folgefragen solange es<br>(gesetzlich) notwendig ist. Eine Weitergabe Ihrer Daten erfolgt nur mit<br>Ihrer ausdr\u00fccklichen Zustimmung.<\/div><div><br><\/div>\n<\/div>\n<div>\n<h2>Google Fonts<\/h2>\n<div>\n<p>Auf<br>unserer Webseite verwenden wir Schriftarten von \u201eGoogle Fonts\u201c, einem<br>Dienst, der von Google Ireland Limited, Gordon House, Barrow Street,<br>Dublin 4, Ireland bereitgestellt wird (Tel.: +353 1 543 1000). Beim<br>Aufruf unserer Webseite werden diese Schriftarten von Ihrem Browser<br>heruntergeladen und zwischengespeichert. Dabei kann Google unter<br>Umst\u00e4nden Cookies setzen oder Daten analysieren.<\/p>\n<p>Die Nutzung von<br>Google Fonts dient der Verbesserung unserer Dienste sowie der<br>einheitlichen Darstellung unserer Inhalte und stellt ein berechtigtes<br>Interesse im Sinne von Art. 6 Abs. 1 lit. f DSGVO dar.<\/p>\n<div>Weitere Informationen zu Google Fonts finden Sie unter:<br><a href=\"https:\/\/developers.google.com\/fonts\/faq\" target=\"_blank\" rel=\"noopener\">https:\/\/developers.google.com\/fonts\/faq<\/a><\/div>\n<div>Die allgemeine Datenschutzerkl\u00e4rung von Google finden Sie hier:<br><a href=\"https:\/\/policies.google.com\/privacy?hl=de\" target=\"_blank\" rel=\"noopener\">https:\/\/policies.google.com\/privacy?hl=de<\/a><\/div>\n<div>Google verarbeitet Daten auch in den USA, ist jedoch dem EU-US Privacy Shield unterworfen:<br><a href=\"https:\/\/www.privacyshield.gov\/EU-US-Framework\" target=\"_blank\" rel=\"noopener\">https:\/\/www.privacyshield.gov\/EU-US-Framework<\/a><\/div><div><br><\/div>\n<\/div>\n<\/div>\n<div>\n<h2>Betroffenenrechte<\/h2>\n<div><p>Bez\u00fcglich der bei uns gespeicherten Daten haben Sie das Recht auf:<\/p>\n<p>&#8211; Auskunft<br>&#8211; L\u00f6schung<br>&#8211; Berichtigung<br>&#8211; Daten\u00fcbertragbarkeit<br>&#8211; Widerruf Ihrer Einwilligung<br>&#8211; Widerspruch gegen die Verarbeitung<br>&#8211; Einschr\u00e4nkung der Verarbeitung<\/p>\n<p>Sollten<br>Sie den Verdacht haben, dass bei der Verarbeitung Ihrer Daten ein<br>Versto\u00df gegen die Datenschutzbestimmungen vorliegt, k\u00f6nnen Sie sich<br>entweder direkt an uns unter <a href=\"mailto:hawelka.barbara@gmail.com\">hawelka.barbara@gmail.com<\/a> oder an die zust\u00e4ndige Datenschutzbeh\u00f6rde wenden.<\/p><\/div>\n<\/div>\n<div>\n<h2>Kontaktinformationen<\/h2>\n<div>Betreiber der Webseite: Marieluis Thallmaier<\/div>\n<div>Telefon: +43 664 75586357<\/div>\n<div>E-Mail: marieluis.thallmaier@icloud.com<\/div>\n<\/div>\n<\/div>\n<p><\/p><\/main><p><\/p>\t\t\t\t\t\t\t\t<\/div>\n\t\t\t\t<\/div>\n\t\t\t\t\t<\/div>\n\t\t<\/div>\n\t\t\t\t\t<\/div>\n\t\t<\/section>\n\t\t\t\t<\/div>\n\t\t","protected":false},"excerpt":{"rendered":"<p>&nbsp; Datenschutz In dieser Datenschutzerkl\u00e4rung m\u00f6chten wir Sie \u00fcber die wesentlichen Punkte der Verarbeitung personenbezogener Daten im Rahmen unserer Website informieren. Die Erhebung und Verarbeitung erfolgt ausschlie\u00dflich im Einklang mit den gesetzlichen Vorgaben (Datenschutz-Grundverordnung, Telekommunikationsgesetz 2003). Kontaktaufnahme Wenn Sie uns \u00fcber das Kontaktformular auf unserer Webseite oder per E-Mail erreichen, speichern wir die von Ihnen <a class=\"read-more\" href=\"https:\/\/thallmaier.com\/Psychologie\/datenschutz\/\">READ MORE<\/a><\/p>\n","protected":false},"author":1,"featured_media":0,"parent":0,"menu_order":0,"comment_status":"closed","ping_status":"closed","template":"","meta":{"_themeisle_gutenberg_block_has_review":false,"footnotes":""},"class_list":["post-1099","page","type-page","status-publish","hentry"],"_links":{"self":[{"href":"https:\/\/thallmaier.com\/Psychologie\/wp-json\/wp\/v2\/pages\/1099","targetHints":{"allow":["GET"]}}],"collection":[{"href":"https:\/\/thallmaier.com\/Psychologie\/wp-json\/wp\/v2\/pages"}],"about":[{"href":"https:\/\/thallmaier.com\/Psychologie\/wp-json\/wp\/v2\/types\/page"}],"author":[{"embeddable":true,"href":"https:\/\/thallmaier.com\/Psychologie\/wp-json\/wp\/v2\/users\/1"}],"replies":[{"embeddable":true,"href":"https:\/\/thallmaier.com\/Psychologie\/wp-json\/wp\/v2\/comments?post=1099"}],"version-history":[{"count":11,"href":"https:\/\/thallmaier.com\/Psychologie\/wp-json\/wp\/v2\/pages\/1099\/revisions"}],"predecessor-version":[{"id":1177,"href":"https:\/\/thallmaier.com\/Psychologie\/wp-json\/wp\/v2\/pages\/1099\/revisions\/1177"}],"wp:attachment":[{"href":"https:\/\/thallmaier.com\/Psychologie\/wp-json\/wp\/v2\/media?parent=1099"}],"curies":[{"name":"wp","href":"https:\/\/api.w.org\/{rel}","templated":true}]}}